{"id":32,"date":"2019-03-28T23:13:14","date_gmt":"2019-03-28T22:13:14","guid":{"rendered":"http:\/\/tbhalbbruck.alfahosting.org\/?page_id=32"},"modified":"2024-02-21T12:07:24","modified_gmt":"2024-02-21T11:07:24","slug":"unternehmen","status":"publish","type":"page","link":"https:\/\/www.tb-hochrhein.de\/?page_id=32","title":{"rendered":"Unternehmen"},"content":{"rendered":"<p>Wir sind eines der f\u00fchrenden Transportbeton-Unternehmen am Hochrhein mit mehr als 40 Jahren Erfahrung.<\/p>\n<p>Mit unseren Betonmischanlage in Bad-S\u00e4ckingen, K\u00fcssaberg-Ettikon, Klettgau-Geisslingen und Wehr-Brennet haben wir uns f\u00fcr Sie gut aufgestellt.<\/p>\n<p>Unsere 32 Betonmischfahrzeuge ( inkl. 2 Betonpumpen und 2 Betonmischer mit F\u00f6rderband ) machen uns zu einem leistungsstarken und zuverl\u00e4ssigen Partner f\u00fcr Ihre Bauprojekte.<\/p>\n<p>Setzen Sie auf hohe Qualit\u00e4t, Kompetenz und Zuverl\u00e4ssigkeit.<\/p>\n","protected":false},"excerpt":{"rendered":"<p>Wir sind eines der f\u00fchrenden Transportbeton-Unternehmen am Hochrhein mit mehr als 40 Jahren Erfahrung. Mit unseren Betonmischanlage in Bad-S\u00e4ckingen, K\u00fcssaberg-Ettikon, Klettgau-Geisslingen und Wehr-Brennet haben wir uns f\u00fcr Sie gut aufgestellt. Unsere 32 Betonmischfahrzeuge ( inkl. 2 Betonpumpen und 2 Betonmischer mit F\u00f6rderband ) machen uns zu einem leistungsstarken und zuverl\u00e4ssigen Partner f\u00fcr Ihre Bauprojekte. Setzen &hellip; <\/p>\n<p class=\"link-more\"><a href=\"https:\/\/www.tb-hochrhein.de\/?page_id=32\" class=\"more-link\"><span class=\"screen-reader-text\">\u201eUnternehmen\u201c<\/span> weiterlesen<\/a><\/p>\n","protected":false},"author":1,"featured_media":0,"parent":0,"menu_order":1,"comment_status":"closed","ping_status":"closed","template":"","meta":{"footnotes":""},"class_list":["post-32","page","type-page","status-publish","hentry"],"_links":{"self":[{"href":"https:\/\/www.tb-hochrhein.de\/index.php?rest_route=\/wp\/v2\/pages\/32","targetHints":{"allow":["GET"]}}],"collection":[{"href":"https:\/\/www.tb-hochrhein.de\/index.php?rest_route=\/wp\/v2\/pages"}],"about":[{"href":"https:\/\/www.tb-hochrhein.de\/index.php?rest_route=\/wp\/v2\/types\/page"}],"author":[{"embeddable":true,"href":"https:\/\/www.tb-hochrhein.de\/index.php?rest_route=\/wp\/v2\/users\/1"}],"replies":[{"embeddable":true,"href":"https:\/\/www.tb-hochrhein.de\/index.php?rest_route=%2Fwp%2Fv2%2Fcomments&post=32"}],"version-history":[{"count":12,"href":"https:\/\/www.tb-hochrhein.de\/index.php?rest_route=\/wp\/v2\/pages\/32\/revisions"}],"predecessor-version":[{"id":313,"href":"https:\/\/www.tb-hochrhein.de\/index.php?rest_route=\/wp\/v2\/pages\/32\/revisions\/313"}],"wp:attachment":[{"href":"https:\/\/www.tb-hochrhein.de\/index.php?rest_route=%2Fwp%2Fv2%2Fmedia&parent=32"}],"curies":[{"name":"wp","href":"https:\/\/api.w.org\/{rel}","templated":true}]}}