{"id":44,"date":"2019-03-28T23:14:43","date_gmt":"2019-03-28T22:14:43","guid":{"rendered":"http:\/\/tbhalbbruck.alfahosting.org\/?page_id=44"},"modified":"2025-01-20T13:37:32","modified_gmt":"2025-01-20T12:37:32","slug":"klettgau-geisslingen","status":"publish","type":"page","link":"https:\/\/www.tb-hochrhein.de\/?page_id=44","title":{"rendered":"Klettgau Geisslingen"},"content":{"rendered":"<p><img loading=\"lazy\" decoding=\"async\" class=\"alignnone size-medium wp-image-333\" src=\"https:\/\/www.tb-hochrhein.de\/wp-content\/uploads\/2025\/01\/Werk-Geisslingen-300x225.jpg\" alt=\"\" width=\"300\" height=\"225\" srcset=\"https:\/\/www.tb-hochrhein.de\/wp-content\/uploads\/2025\/01\/Werk-Geisslingen-300x225.jpg 300w, https:\/\/www.tb-hochrhein.de\/wp-content\/uploads\/2025\/01\/Werk-Geisslingen-1024x768.jpg 1024w, https:\/\/www.tb-hochrhein.de\/wp-content\/uploads\/2025\/01\/Werk-Geisslingen-768x576.jpg 768w, https:\/\/www.tb-hochrhein.de\/wp-content\/uploads\/2025\/01\/Werk-Geisslingen-1536x1152.jpg 1536w, https:\/\/www.tb-hochrhein.de\/wp-content\/uploads\/2025\/01\/Werk-Geisslingen.jpg 2048w\" sizes=\"auto, (max-width: 300px) 100vw, 300px\" \/><\/p>\n<table border=\"0\" width=\"250\" cellspacing=\"0\" cellpadding=\"0\" align=\"center\">\n<tbody>\n<tr>\n<td valign=\"bottom\" height=\"2\"><b><span style=\"font-family: Arial, Helvetica, sans-serif;\">Adresse:<\/span><\/b><\/td>\n<\/tr>\n<tr>\n<td valign=\"top\" height=\"171\">\n<div id=\"descriptions\" align=\"left\">\n<p>TRANSPORTBETON HOCHRHEIN GMBH<br \/>\nIm Hardtwald<br \/>\n79771 Klettgau-Geisslingen<br \/>\nTel. 07742\/7044<br \/>\nFax. 07742\/922180<\/p>\n<p>Alternative Kontakt-Daten:<br \/>\nTel. 07741\/2500<br \/>\nFax. 07741\/687541<\/p>\n<\/div>\n<p class=\"p1\">unsere regul\u00e4ren \u00d6ffnungszeiten:<\/p>\n<p class=\"p1\">Montag bis Freitag: 07:00 Uhr bis 16:30 Uhr<\/p>\n<p class=\"p1\"><i>Nat\u00fcrlich bieten wie Ihnen aber auch ausserhalb diesen Zeiten Lieferm\u00f6glichkeiten nach Vereinbarung\u00a0<\/i><\/p>\n<\/td>\n<\/tr>\n<\/tbody>\n<\/table>\n<p>&nbsp;<\/p>\n","protected":false},"excerpt":{"rendered":"<p>Adresse: TRANSPORTBETON HOCHRHEIN GMBH Im Hardtwald 79771 Klettgau-Geisslingen Tel. 07742\/7044 Fax. 07742\/922180 Alternative Kontakt-Daten: Tel. 07741\/2500 Fax. 07741\/687541 unsere regul\u00e4ren \u00d6ffnungszeiten: Montag bis Freitag: 07:00 Uhr bis 16:30 Uhr Nat\u00fcrlich bieten wie Ihnen aber auch ausserhalb diesen Zeiten Lieferm\u00f6glichkeiten nach Vereinbarung\u00a0 &nbsp;<\/p>\n","protected":false},"author":1,"featured_media":0,"parent":35,"menu_order":3,"comment_status":"closed","ping_status":"closed","template":"","meta":{"footnotes":""},"class_list":["post-44","page","type-page","status-publish","hentry"],"_links":{"self":[{"href":"https:\/\/www.tb-hochrhein.de\/index.php?rest_route=\/wp\/v2\/pages\/44","targetHints":{"allow":["GET"]}}],"collection":[{"href":"https:\/\/www.tb-hochrhein.de\/index.php?rest_route=\/wp\/v2\/pages"}],"about":[{"href":"https:\/\/www.tb-hochrhein.de\/index.php?rest_route=\/wp\/v2\/types\/page"}],"author":[{"embeddable":true,"href":"https:\/\/www.tb-hochrhein.de\/index.php?rest_route=\/wp\/v2\/users\/1"}],"replies":[{"embeddable":true,"href":"https:\/\/www.tb-hochrhein.de\/index.php?rest_route=%2Fwp%2Fv2%2Fcomments&post=44"}],"version-history":[{"count":14,"href":"https:\/\/www.tb-hochrhein.de\/index.php?rest_route=\/wp\/v2\/pages\/44\/revisions"}],"predecessor-version":[{"id":346,"href":"https:\/\/www.tb-hochrhein.de\/index.php?rest_route=\/wp\/v2\/pages\/44\/revisions\/346"}],"up":[{"embeddable":true,"href":"https:\/\/www.tb-hochrhein.de\/index.php?rest_route=\/wp\/v2\/pages\/35"}],"wp:attachment":[{"href":"https:\/\/www.tb-hochrhein.de\/index.php?rest_route=%2Fwp%2Fv2%2Fmedia&parent=44"}],"curies":[{"name":"wp","href":"https:\/\/api.w.org\/{rel}","templated":true}]}}